{"id":2652,"date":"2014-09-11T18:56:58","date_gmt":"2014-09-11T16:56:58","guid":{"rendered":"https:\/\/www.solis-sl.com\/gummiketten\/"},"modified":"2022-10-18T10:57:24","modified_gmt":"2022-10-18T08:57:24","slug":"gummiketten","status":"publish","type":"page","link":"https:\/\/www.solis-sl.com\/de\/gummiketten\/","title":{"rendered":"GUMMIKETTEN"},"content":{"rendered":"<p>[et_pb_section fb_built=&#8221;1&#8243; admin_label=&#8221;Hero Section&#8221; _builder_version=&#8221;4.18.0&#8243; use_background_color_gradient=&#8221;on&#8221; background_color_gradient_stops=&#8221;rgba(0,0,0,0.7) 0%|rgba(0,0,0,0) 100%&#8221; background_color_gradient_overlays_image=&#8221;on&#8221; background_color_gradient_start=&#8221;#000000&#8243; background_color_gradient_end=&#8221;rgba(0,0,0,0)&#8221; background_image=&#8221;https:\/\/www.solis-sl.com\/wp-content\/uploads\/2022\/10\/cadenas-oruga.jpg&#8221; custom_margin=&#8221;|||&#8221; custom_padding=&#8221;18%||18%|&#8221; animation_style=&#8221;fade&#8221; hover_enabled=&#8221;0&#8243; global_colors_info=&#8221;{}&#8221; title_text=&#8221;cadenas-oruga&#8221; sticky_enabled=&#8221;0&#8243;][et_pb_row _builder_version=&#8221;4.16&#8243; global_colors_info=&#8221;{}&#8221;][et_pb_column type=&#8221;4_4&#8243; _builder_version=&#8221;4.16&#8243; custom_padding=&#8221;|||&#8221; global_colors_info=&#8221;{}&#8221; custom_padding__hover=&#8221;|||&#8221;][et_pb_text _builder_version=&#8221;4.18.0&#8243; text_font=&#8221;||||||||&#8221; text_font_size=&#8221;24px&#8221; text_line_height=&#8221;1.6em&#8221; header_font=&#8221;Anton||||||||&#8221; header_font_size=&#8221;70px&#8221; header_line_height=&#8221;1.1em&#8221; header_2_font=&#8221;|||on|||||&#8221; text_orientation=&#8221;center&#8221; background_layout=&#8221;dark&#8221; module_alignment=&#8221;center&#8221; hover_enabled=&#8221;0&#8243; header_font_size_tablet=&#8221;&#8221; header_font_size_phone=&#8221;48px&#8221; header_font_size_last_edited=&#8221;on|phone&#8221; global_colors_info=&#8221;{}&#8221; sticky_enabled=&#8221;0&#8243;]<\/p>\n<h1>GUMMIKETTEN<\/h1>\n<p>[\/et_pb_text][\/et_pb_column][\/et_pb_row][\/et_pb_section][et_pb_section fb_built=&#8221;1&#8243; admin_label=&#8221;Explore Story Section&#8221; _builder_version=&#8221;4.16&#8243; custom_padding=&#8221;60px||60px||true|&#8221; global_colors_info=&#8221;{}&#8221;][et_pb_row column_structure=&#8221;1_2,1_2&#8243; _builder_version=&#8221;4.18.0&#8243; _module_preset=&#8221;default&#8221; global_colors_info=&#8221;{}&#8221;][et_pb_column type=&#8221;1_2&#8243; _builder_version=&#8221;4.18.0&#8243; _module_preset=&#8221;default&#8221; global_colors_info=&#8221;{}&#8221;][et_pb_image src=&#8221;https:\/\/www.solis-sl.com\/wp-content\/uploads\/2022\/10\/ORUGAS-DE-GOMA-1.jpg&#8221; title_text=&#8221;ORUGAS-DE-GOMA&#8221; _builder_version=&#8221;4.18.0&#8243; _module_preset=&#8221;default&#8221; hover_enabled=&#8221;0&#8243; global_colors_info=&#8221;{}&#8221; sticky_enabled=&#8221;0&#8243;][\/et_pb_image][\/et_pb_column][et_pb_column type=&#8221;1_2&#8243; _builder_version=&#8221;4.18.0&#8243; _module_preset=&#8221;default&#8221; global_colors_info=&#8221;{}&#8221;][et_pb_text admin_label=&#8221;Title&#8221; _builder_version=&#8221;4.18.0&#8243; text_font=&#8221;||||||||&#8221; header_font=&#8221;||||||||&#8221; header_2_font=&#8221;Anton||||||||&#8221; header_2_text_align=&#8221;center&#8221; header_2_text_color=&#8221;#2b2b2b&#8221; header_2_font_size=&#8221;36px&#8221; header_2_line_height=&#8221;1.4em&#8221; custom_margin=&#8221;||5px|&#8221; animation_style=&#8221;fold&#8221; animation_direction=&#8221;bottom&#8221; animation_intensity_fold=&#8221;20%&#8221; animation_starting_opacity=&#8221;100%&#8221; hover_enabled=&#8221;0&#8243; global_colors_info=&#8221;{}&#8221; sticky_enabled=&#8221;0&#8243;]<\/p>\n<h2>Gummiketten<\/h2>\n<p>[\/et_pb_text][et_pb_divider color=&#8221;#fcd21d&#8221; divider_position=&#8221;center&#8221; divider_weight=&#8221;7px&#8221; _builder_version=&#8221;4.16&#8243; max_width=&#8221;50px&#8221; module_alignment=&#8221;center&#8221; global_colors_info=&#8221;{}&#8221;][\/et_pb_divider][et_pb_blurb title=&#8221;Alle Marken&#8221; use_icon=&#8221;on&#8221; font_icon=&#8221;&#x49;||divi||400&#8243; icon_color=&#8221;#2b2b2b&#8221; icon_placement=&#8221;left&#8221; _builder_version=&#8221;4.18.0&#8243; _module_preset=&#8221;default&#8221; header_font=&#8221;Anton||||||||&#8221; header_line_height=&#8221;1.2em&#8221; hover_enabled=&#8221;0&#8243; global_colors_info=&#8221;{}&#8221; sticky_enabled=&#8221;0&#8243;][\/et_pb_blurb][et_pb_blurb title=&#8221;H\u00f6chste Verf\u00fcgbarkeit&#8221; use_icon=&#8221;on&#8221; font_icon=&#8221;&#x49;||divi||400&#8243; icon_color=&#8221;#2b2b2b&#8221; icon_placement=&#8221;left&#8221; _builder_version=&#8221;4.18.0&#8243; _module_preset=&#8221;default&#8221; header_font=&#8221;Anton||||||||&#8221; header_line_height=&#8221;1.2em&#8221; hover_enabled=&#8221;0&#8243; global_colors_info=&#8221;{}&#8221; sticky_enabled=&#8221;0&#8243;][\/et_pb_blurb][et_pb_blurb title=&#8221;Gro\u00dfe Bodenhaftung, dank einer gro\u00dfen Bodenkontaktfl\u00e4che&#8221; use_icon=&#8221;on&#8221; font_icon=&#8221;&#x49;||divi||400&#8243; icon_color=&#8221;#2b2b2b&#8221; icon_placement=&#8221;left&#8221; _builder_version=&#8221;4.18.0&#8243; _module_preset=&#8221;default&#8221; header_font=&#8221;Anton||||||||&#8221; header_line_height=&#8221;1.2em&#8221; hover_enabled=&#8221;0&#8243; global_colors_info=&#8221;{}&#8221; sticky_enabled=&#8221;0&#8243;][\/et_pb_blurb][et_pb_blurb title=&#8221;Innen mit Stahldrahtseilen ausger\u00fcstet&#8221; use_icon=&#8221;on&#8221; font_icon=&#8221;&#x49;||divi||400&#8243; icon_color=&#8221;#2b2b2b&#8221; icon_placement=&#8221;left&#8221; _builder_version=&#8221;4.18.0&#8243; _module_preset=&#8221;default&#8221; header_font=&#8221;Anton||||||||&#8221; header_line_height=&#8221;1.2em&#8221; hover_enabled=&#8221;0&#8243; global_colors_info=&#8221;{}&#8221; sticky_enabled=&#8221;0&#8243;][\/et_pb_blurb][\/et_pb_column][\/et_pb_row][et_pb_row _builder_version=&#8221;4.18.0&#8243; _module_preset=&#8221;default&#8221; global_colors_info=&#8221;{}&#8221;][et_pb_column type=&#8221;4_4&#8243; _builder_version=&#8221;4.18.0&#8243; _module_preset=&#8221;default&#8221; global_colors_info=&#8221;{}&#8221;][et_pb_button button_text=&#8221;PDF HERUNTERLADEN&#8221; _builder_version=&#8221;4.18.0&#8243; _module_preset=&#8221;default&#8221; hover_enabled=&#8221;0&#8243; sticky_enabled=&#8221;0&#8243; custom_button=&#8221;on&#8221; button_icon=&#8221;&#xf1c1;||fa||400&#8243; button_on_hover=&#8221;off&#8221; button_icon_placement=&#8221;left&#8221; button_url=&#8221;https:\/\/www.solis-sl.com\/wp-content\/uploads\/2022\/10\/cadena-caucho-tabla.pdf&#8221; url_new_window=&#8221;on&#8221;][\/et_pb_button][et_pb_text _builder_version=&#8221;4.18.0&#8243; header_2_font=&#8221;Anton||||||||&#8221; header_2_font_size=&#8221;22px&#8221; background_size=&#8221;initial&#8221; background_position=&#8221;top_left&#8221; background_repeat=&#8221;repeat&#8221; hover_enabled=&#8221;0&#8243; global_colors_info=&#8221;{}&#8221; sticky_enabled=&#8221;0&#8243;]<\/p>\n<h2>CONVENTIONAL<\/h2>\n<table>\n<tbody>\n<tr>\n<td><\/td>\n<td><strong>Innerguide Width<\/strong><\/td>\n<td><strong>Outerguide Width<\/strong><\/td>\n<td><strong>Profile<\/strong><\/td>\n<td><strong>Roller Type<\/strong><\/td>\n<\/tr>\n<tr style=\"font-size: 14px; background-color: #fee402; padding: 8px; text-align: left; border: 1px solid #FEE402;\">\n<td><\/td>\n<td><strong>23 mm<\/strong><\/td>\n<td><strong>60 mm<\/strong><\/td>\n<td><strong>B<\/strong><\/td>\n<td><strong>2<\/strong><\/td>\n<\/tr>\n<tr>\n<td>Width x pitch x N\u00ba of links<\/td>\n<td colspan=\"4\">180x60x30 \/ 180x60x34 \/ 180x60x37<br \/>180x60x38 \/ 180x60x40<\/td>\n<\/tr>\n<tr style=\"font-size: 14px; background-color: #fee402; padding: 8px; text-align: left; border: 1px solid #FEE402;\">\n<td><\/td>\n<td><strong>23 mm<\/strong><\/td>\n<td><strong>64 mm<\/strong><\/td>\n<td><strong>L<\/strong><\/td>\n<td><strong>1<\/strong><\/td>\n<\/tr>\n<tr>\n<td>Width x pitch x N\u00ba of links<\/td>\n<td colspan=\"4\">180x72x33 \/ 180x72x34 \/ 180x72x36<br \/>180x72x37 \/ 180x72x38<\/td>\n<\/tr>\n<tr style=\"font-size: 14px; background-color: #fee402; padding: 8px; text-align: left; border: 1px solid #FEE402;\">\n<td><\/td>\n<td><strong>23 mm<\/strong><\/td>\n<td><strong>78 mm<\/strong><\/td>\n<td><strong>C<\/strong><\/td>\n<td><strong>1.2<\/strong><\/td>\n<\/tr>\n<tr>\n<td>Width x pitch x N\u00ba of links<\/td>\n<td colspan=\"4\">200x72x33 \/ 200x72x34 \/ 200x72x35<br \/>200x72x38 \/ 200x72x39 \/ 200x72x40<br \/>200x72x41 \/ 200x72x42 \/ 200x72x45<\/td>\n<\/tr>\n<tr style=\"font-size: 14px; background-color: #fee402; padding: 8px; text-align: left; border: 1px solid #FEE402;\">\n<td><\/td>\n<td><strong>23 mm<\/strong><\/td>\n<td><strong>76 mm<\/strong><\/td>\n<td><strong>R<\/strong><\/td>\n<td><strong>2<\/strong><\/td>\n<\/tr>\n<tr>\n<td>Width x pitch x N\u00ba of links<\/td>\n<td colspan=\"4\">230x72x39 \/ 230x72x42 \/ 230x72x43<br \/><span style=\"font-size: 14px;\">230x72x44 \/ 230x72x45 \/ 230x72x46<br \/><\/span><span style=\"font-size: 14px;\">230x72x47 \/ 230x72x48 \/ 230x72x50<\/span><\/td>\n<\/tr>\n<tr style=\"font-size: 14px; background-color: #fee402; padding: 8px; text-align: left; border: 1px solid #FEE402;\">\n<td><\/td>\n<td><strong>23 mm<\/strong><\/td>\n<td><strong>76 mm<\/strong><\/td>\n<td><strong>H<\/strong><\/td>\n<td><strong>2<\/strong><\/td>\n<\/tr>\n<tr>\n<td>Width x pitch x N\u00ba of links<\/td>\n<td colspan=\"4\">250x72x42 \/ 250x72x43 \/ 250x72x44 \/ <span style=\"font-size: 14px;\">250x72x45 \/ 250x72x46<br \/>250x72x47 \/<\/span><span style=\"font-size: 14px;\">250x72x48 \/ 250x72x49 \/ 250x72x50<br \/><\/span><span style=\"font-size: 14px;\">250x72x51 \/ 250x72x52 \/ 250x72x57 \/ <\/span><span style=\"font-size: 14px;\">250x72x64<\/span><\/td>\n<\/tr>\n<tr style=\"font-size: 14px; background-color: #fee402; padding: 8px; text-align: left; border: 1px solid #FEE402;\">\n<td><\/td>\n<td><strong>40 mm<\/strong><\/td>\n<td><strong>80 mm<\/strong><\/td>\n<td><strong>S, H<\/strong><\/td>\n<td><strong>2<\/strong><\/td>\n<\/tr>\n<tr>\n<td>Width x pitch x N\u00ba of links<\/td>\n<td colspan=\"4\">320x100x38 \/ 320x100x39 \/ 320x100x40 \/ <span style=\"font-size: 14px;\">320x100x38 \/ <\/span><span style=\"font-size: 14px;\">320x100x39<br \/><\/span><span style=\"font-size: 14px;\">320x100x40 \/ <\/span><span style=\"font-size: 14px;\">320x100x41 <\/span><span class=\"s1\" style=\"font-size: 14px;\">\/ <\/span><span style=\"font-size: 14px;\">320x100x42 \/ <\/span><span style=\"font-size: 14px;\">320x100x43<br \/><\/span><span style=\"font-size: 14px;\">320x100x44 \/ <\/span><span style=\"font-size: 14px;\">320x100x45 <\/span><span class=\"s1\" style=\"font-size: 14px;\">\/ <\/span><span style=\"font-size: 14px;\">320x100x46 \/ <\/span><span style=\"font-size: 14px;\">320x100x47 <\/span> <span class=\"s1\" style=\"font-size: 14px;\"><br \/><\/span><span style=\"font-size: 14px;\">320x100x48 <\/span><span class=\"s1\" style=\"font-size: 14px;\">\/ <\/span><span style=\"font-size: 14px;\">320x100x49 \/ <\/span><span style=\"font-size: 14px;\">320x100x50 \/ <\/span><span style=\"font-size: 14px;\">320x100x51 <\/span> <span class=\"s1\" style=\"font-size: 14px;\"><br \/><\/span><span style=\"font-size: 14px;\">320x100x52 \/ <\/span><span style=\"font-size: 14px;\">320x100x53 <\/span><span class=\"s1\" style=\"font-size: 14px;\">\/ <\/span><span style=\"font-size: 14px;\">320x100x54 <\/span><span class=\"s1\" style=\"font-size: 14px;\">\/ <\/span><span style=\"font-size: 14px;\">320x100x55<\/span><\/td>\n<\/tr>\n<\/tbody>\n<\/table>\n<p>&nbsp;<\/p>\n<p>[\/et_pb_text][\/et_pb_column][\/et_pb_row][et_pb_row _builder_version=&#8221;4.18.0&#8243; _module_preset=&#8221;default&#8221; global_colors_info=&#8221;{}&#8221;][et_pb_column type=&#8221;4_4&#8243; _builder_version=&#8221;4.18.0&#8243; _module_preset=&#8221;default&#8221; global_colors_info=&#8221;{}&#8221;][et_pb_text _builder_version=&#8221;4.18.0&#8243; header_2_font=&#8221;Anton||||||||&#8221; header_2_font_size=&#8221;22px&#8221; background_size=&#8221;initial&#8221; background_position=&#8221;top_left&#8221; background_repeat=&#8221;repeat&#8221; hover_enabled=&#8221;0&#8243; global_colors_info=&#8221;{}&#8221; sticky_enabled=&#8221;0&#8243;]<\/p>\n<h2>SHORT PICH (I\/C)<\/h2>\n<table>\n<tbody>\n<tr>\n<td><\/td>\n<td><strong>Innerguide Width<\/strong><\/td>\n<td><strong>Outerguide Width<\/strong><\/td>\n<td><strong>Profile<\/strong><\/td>\n<td><strong>Roller Type<\/strong><\/td>\n<\/tr>\n<tr style=\"font-size: 14px; background-color: #fee402; padding: 8px; text-align: left; border: 1px solid #FEE402;\">\n<td><\/td>\n<td><strong>30 mm<\/strong><\/td>\n<td><strong>82 mm<\/strong><\/td>\n<td><strong>M<\/strong><\/td>\n<td><strong>3<\/strong><\/td>\n<\/tr>\n<tr>\n<td>Width x pitch x N\u00ba of links<\/td>\n<td colspan=\"4\">300&#215;52,5&#215;70 \/ 300&#215;52,5&#215;72 \/ 300&#215;52,5&#215;74<br \/>300&#215;52,5&#215;76 \/ <span style=\"font-size: 14px;\">300&#215;52,5&#215;78 \/ 300&#215;52,5&#215;80<br \/><\/span><span style=\"font-size: 14px;\">300&#215;52,5&#215;82<\/span><\/td>\n<\/tr>\n<tr style=\"font-size: 14px; background-color: #fee402; padding: 8px; text-align: left; border: 1px solid #FEE402;\">\n<td><\/td>\n<td><strong>40 mm<\/strong><\/td>\n<td><strong>90 mm<\/strong><\/td>\n<td><strong>W<\/strong><\/td>\n<td><strong>3<\/strong><\/td>\n<\/tr>\n<tr>\n<td>Width x pitch x N\u00ba of links<\/td>\n<td colspan=\"4\">300x55x70 \/ 300x55x72 \/ 300x55x74<br \/>300x55x76 \/ 300x55x78 \/ 300x55x80<br \/><span style=\"font-size: 14px;\">300x55x82 \/ 300x55x84<\/span><\/td>\n<\/tr>\n<tr style=\"font-size: 14px; background-color: #fee402; padding: 8px; text-align: left; border: 1px solid #FEE402;\">\n<td><\/td>\n<td><strong>52 mm<\/strong><\/td>\n<td><strong>112 mm<\/strong><\/td>\n<td><strong>W<\/strong><\/td>\n<td><strong>3.4<\/strong><\/td>\n<\/tr>\n<tr>\n<td>Width x pitch x N\u00ba of links<\/td>\n<td colspan=\"4\">400x73x70 \/ 400x73x72<br \/>400x73x74 \/ <span style=\"font-size: 14px;\">400x73x76<\/span><\/td>\n<\/tr>\n<tr style=\"font-size: 14px; background-color: #fee402; padding: 8px; text-align: left; border: 1px solid #FEE402;\">\n<td><\/td>\n<td><strong>56 mm<\/strong><\/td>\n<td><strong>136 mm<\/strong><\/td>\n<td><strong>T<\/strong><\/td>\n<td><strong>3.4<\/strong><\/td>\n<\/tr>\n<tr>\n<td>Width x pitch x N\u00ba of links<\/td>\n<td colspan=\"4\">400x81x70 \/ 400x81x72<br \/>400x81x74 \/ 400x81x76<\/td>\n<\/tr>\n<\/tbody>\n<\/table>\n<p>&nbsp;<\/p>\n<p>[\/et_pb_text][\/et_pb_column][\/et_pb_row][et_pb_row _builder_version=&#8221;4.18.0&#8243; _module_preset=&#8221;default&#8221; global_colors_info=&#8221;{}&#8221;][et_pb_column type=&#8221;4_4&#8243; _builder_version=&#8221;4.18.0&#8243; _module_preset=&#8221;default&#8221; global_colors_info=&#8221;{}&#8221;][et_pb_text _builder_version=&#8221;4.18.0&#8243; header_2_font=&#8221;Anton||||||||&#8221; header_2_font_size=&#8221;22px&#8221; background_size=&#8221;initial&#8221; background_position=&#8221;top_left&#8221; background_repeat=&#8221;repeat&#8221; hover_enabled=&#8221;0&#8243; global_colors_info=&#8221;{}&#8221; sticky_enabled=&#8221;0&#8243;]<\/p>\n<h2>INTERCHANGEABLE<\/h2>\n<table>\n<tbody>\n<tr>\n<td><\/td>\n<td><strong>Innerguide Width<\/strong><\/td>\n<td><strong>Outerguide Width<\/strong><\/td>\n<td><strong>Profile<\/strong><\/td>\n<td><strong>Roller Type<\/strong><\/td>\n<\/tr>\n<tr style=\"font-size: 14px; background-color: #fee402; padding: 8px; text-align: left; border: 1px solid #FEE402;\">\n<td><\/td>\n<td><strong>25 mm<\/strong><\/td>\n<td><strong>70 mm<\/strong><\/td>\n<td><strong>R<\/strong><\/td>\n<td><strong>3<\/strong><\/td>\n<\/tr>\n<tr>\n<td>Width x pitch x N\u00ba of links<\/td>\n<td colspan=\"4\">230x96x30 \/ 230x96x31 \/ 230x96x32<br \/>\n230x96x33 \/ 230x96x34 \/ 230x96x35<\/td>\n<\/tr>\n<tr style=\"font-size: 14px; background-color: #fee402; padding: 8px; text-align: left; border: 1px solid #FEE402;\">\n<td><\/td>\n<td><strong>40 mm<\/strong><\/td>\n<td><strong>90 mm<\/strong><\/td>\n<td><strong>A<\/strong><\/td>\n<td><strong>4<\/strong><\/td>\n<\/tr>\n<tr>\n<td>Width x pitch x N\u00ba of links<\/td>\n<td colspan=\"4\">300x109x35 \/ 300x109x36 \/ 300x109x37<br \/>\n300x109x38 \/ 300x109x39 \/ 300x109x40<br \/>\n300x109x41 \/ 300x109x42<\/td>\n<\/tr>\n<tr style=\"font-size: 14px; background-color: #fee402; padding: 8px; text-align: left; border: 1px solid #FEE402;\">\n<td><\/td>\n<td><strong>31 mm<\/strong><\/td>\n<td><strong>78 mm<\/strong><\/td>\n<td><strong>P<\/strong><\/td>\n<td><strong>3.4<\/strong><\/td>\n<\/tr>\n<tr>\n<td>Width x pitch x N\u00ba of links<\/td>\n<td colspan=\"4\">300x109x35 N \/ 300x109x36 N<br \/>\n300x109x37 N \/ 300x109x38 N<br \/>\n300x109x39 N \/ 300x109x40 N<br \/>\n300x109x41 N \/ 300x109x42 N<\/td>\n<\/tr>\n<tr style=\"font-size: 14px; background-color: #fee402; padding: 8px; text-align: left; border: 1px solid #FEE402;\">\n<td><\/td>\n<td><strong>52 mm<\/strong><\/td>\n<td><strong>112 mm<\/strong><\/td>\n<td><strong>R<\/strong><\/td>\n<td><strong>3<\/strong><\/td>\n<\/tr>\n<tr>\n<td>Width x pitch x N\u00ba of links<\/td>\n<td colspan=\"4\">400x146x35 \/ 400x146x36<br \/>\n400x146x37 \/ 400x146x38<\/td>\n<\/tr>\n<\/tbody>\n<\/table>\n<p>&nbsp;[\/et_pb_text][\/et_pb_column][\/et_pb_row][\/et_pb_section]<\/p>\n","protected":false},"excerpt":{"rendered":"<p>GUMMIKETTENGummikettenCONVENTIONAL Innerguide Width Outerguide Width Profile Roller Type 23 mm 60 mm B 2 Width x pitch x N\u00ba of links 180x60x30 \/ 180x60x34 \/ 180x60x37180x60x38 \/ 180x60x40 23 mm 64 mm L 1 Width x pitch x N\u00ba of links 180x72x33 \/ 180x72x34 \/ 180x72x36180x72x37 \/ 180x72x38 23 mm 78 mm C 1.2 Width [&hellip;]<\/p>\n","protected":false},"author":1,"featured_media":1731,"parent":0,"menu_order":0,"comment_status":"closed","ping_status":"closed","template":"","meta":{"_et_pb_use_builder":"on","_et_pb_old_content":"","_et_gb_content_width":"","footnotes":""},"class_list":["post-2652","page","type-page","status-publish","has-post-thumbnail","hentry"],"yoast_head":"<!-- This site is optimized with the Yoast SEO plugin v25.0 - https:\/\/yoast.com\/wordpress\/plugins\/seo\/ -->\n<title>GUMMIKETTEN - Solis Industrias del Caucho<\/title>\n<meta name=\"robots\" content=\"index, follow, max-snippet:-1, max-image-preview:large, max-video-preview:-1\" \/>\n<link rel=\"canonical\" href=\"https:\/\/www.solis-sl.com\/de\/gummiketten\/\" \/>\n<meta property=\"og:locale\" content=\"de_DE\" \/>\n<meta property=\"og:type\" content=\"article\" \/>\n<meta property=\"og:title\" content=\"GUMMIKETTEN - Solis Industrias del Caucho\" \/>\n<meta property=\"og:description\" content=\"GUMMIKETTENGummikettenCONVENTIONAL Innerguide Width Outerguide Width Profile Roller Type 23 mm 60 mm B 2 Width x pitch x N\u00ba of links 180x60x30 \/ 180x60x34 \/ 180x60x37180x60x38 \/ 180x60x40 23 mm 64 mm L 1 Width x pitch x N\u00ba of links 180x72x33 \/ 180x72x34 \/ 180x72x36180x72x37 \/ 180x72x38 23 mm 78 mm C 1.2 Width [&hellip;]\" \/>\n<meta property=\"og:url\" content=\"https:\/\/www.solis-sl.com\/de\/gummiketten\/\" \/>\n<meta property=\"og:site_name\" content=\"Solis Industrias del Caucho\" \/>\n<meta property=\"article:modified_time\" content=\"2022-10-18T08:57:24+00:00\" \/>\n<meta property=\"og:image\" content=\"https:\/\/www.solis-sl.com\/wp-content\/uploads\/2014\/06\/cadena0.jpg\" \/>\n\t<meta property=\"og:image:width\" content=\"600\" \/>\n\t<meta property=\"og:image:height\" content=\"456\" \/>\n\t<meta property=\"og:image:type\" content=\"image\/jpeg\" \/>\n<meta name=\"twitter:card\" content=\"summary_large_image\" \/>\n<meta name=\"twitter:label1\" content=\"Gesch\u00e4tzte Lesezeit\" \/>\n\t<meta name=\"twitter:data1\" content=\"6 minutes\" \/>\n<script type=\"application\/ld+json\" class=\"yoast-schema-graph\">{\"@context\":\"https:\/\/schema.org\",\"@graph\":[{\"@type\":\"WebPage\",\"@id\":\"https:\/\/www.solis-sl.com\/de\/gummiketten\/\",\"url\":\"https:\/\/www.solis-sl.com\/de\/gummiketten\/\",\"name\":\"GUMMIKETTEN - Solis Industrias del Caucho\",\"isPartOf\":{\"@id\":\"https:\/\/www.solis-sl.com\/de\/#website\"},\"primaryImageOfPage\":{\"@id\":\"https:\/\/www.solis-sl.com\/de\/gummiketten\/#primaryimage\"},\"image\":{\"@id\":\"https:\/\/www.solis-sl.com\/de\/gummiketten\/#primaryimage\"},\"thumbnailUrl\":\"https:\/\/www.solis-sl.com\/wp-content\/uploads\/2014\/06\/cadena0.jpg\",\"datePublished\":\"2014-09-11T16:56:58+00:00\",\"dateModified\":\"2022-10-18T08:57:24+00:00\",\"breadcrumb\":{\"@id\":\"https:\/\/www.solis-sl.com\/de\/gummiketten\/#breadcrumb\"},\"inLanguage\":\"de-DE\",\"potentialAction\":[{\"@type\":\"ReadAction\",\"target\":[\"https:\/\/www.solis-sl.com\/de\/gummiketten\/\"]}]},{\"@type\":\"ImageObject\",\"inLanguage\":\"de-DE\",\"@id\":\"https:\/\/www.solis-sl.com\/de\/gummiketten\/#primaryimage\",\"url\":\"https:\/\/www.solis-sl.com\/wp-content\/uploads\/2014\/06\/cadena0.jpg\",\"contentUrl\":\"https:\/\/www.solis-sl.com\/wp-content\/uploads\/2014\/06\/cadena0.jpg\",\"width\":600,\"height\":456},{\"@type\":\"BreadcrumbList\",\"@id\":\"https:\/\/www.solis-sl.com\/de\/gummiketten\/#breadcrumb\",\"itemListElement\":[{\"@type\":\"ListItem\",\"position\":1,\"name\":\"Portada\",\"item\":\"https:\/\/www.solis-sl.com\/de\/\"},{\"@type\":\"ListItem\",\"position\":2,\"name\":\"GUMMIKETTEN\"}]},{\"@type\":\"WebSite\",\"@id\":\"https:\/\/www.solis-sl.com\/de\/#website\",\"url\":\"https:\/\/www.solis-sl.com\/de\/\",\"name\":\"Solis Industrias del Caucho\",\"description\":\"Fabricaci\u00f3n de productos y repuestos de caucho y poliuretano para extendedoras de asfalto\",\"publisher\":{\"@id\":\"https:\/\/www.solis-sl.com\/de\/#organization\"},\"potentialAction\":[{\"@type\":\"SearchAction\",\"target\":{\"@type\":\"EntryPoint\",\"urlTemplate\":\"https:\/\/www.solis-sl.com\/de\/?s={search_term_string}\"},\"query-input\":{\"@type\":\"PropertyValueSpecification\",\"valueRequired\":true,\"valueName\":\"search_term_string\"}}],\"inLanguage\":\"de-DE\"},{\"@type\":\"Organization\",\"@id\":\"https:\/\/www.solis-sl.com\/de\/#organization\",\"name\":\"Solis Industrias del Caucho\",\"url\":\"https:\/\/www.solis-sl.com\/de\/\",\"logo\":{\"@type\":\"ImageObject\",\"inLanguage\":\"de-DE\",\"@id\":\"https:\/\/www.solis-sl.com\/de\/#\/schema\/logo\/image\/\",\"url\":\"https:\/\/www.solis-sl.com\/wp-content\/uploads\/2014\/05\/logo-solis.png\",\"contentUrl\":\"https:\/\/www.solis-sl.com\/wp-content\/uploads\/2014\/05\/logo-solis.png\",\"width\":188,\"height\":70,\"caption\":\"Solis Industrias del Caucho\"},\"image\":{\"@id\":\"https:\/\/www.solis-sl.com\/de\/#\/schema\/logo\/image\/\"}}]}<\/script>\n<!-- \/ Yoast SEO plugin. -->","yoast_head_json":{"title":"GUMMIKETTEN - Solis Industrias del Caucho","robots":{"index":"index","follow":"follow","max-snippet":"max-snippet:-1","max-image-preview":"max-image-preview:large","max-video-preview":"max-video-preview:-1"},"canonical":"https:\/\/www.solis-sl.com\/de\/gummiketten\/","og_locale":"de_DE","og_type":"article","og_title":"GUMMIKETTEN - Solis Industrias del Caucho","og_description":"GUMMIKETTENGummikettenCONVENTIONAL Innerguide Width Outerguide Width Profile Roller Type 23 mm 60 mm B 2 Width x pitch x N\u00ba of links 180x60x30 \/ 180x60x34 \/ 180x60x37180x60x38 \/ 180x60x40 23 mm 64 mm L 1 Width x pitch x N\u00ba of links 180x72x33 \/ 180x72x34 \/ 180x72x36180x72x37 \/ 180x72x38 23 mm 78 mm C 1.2 Width [&hellip;]","og_url":"https:\/\/www.solis-sl.com\/de\/gummiketten\/","og_site_name":"Solis Industrias del Caucho","article_modified_time":"2022-10-18T08:57:24+00:00","og_image":[{"width":600,"height":456,"url":"https:\/\/www.solis-sl.com\/wp-content\/uploads\/2014\/06\/cadena0.jpg","type":"image\/jpeg"}],"twitter_card":"summary_large_image","twitter_misc":{"Gesch\u00e4tzte Lesezeit":"6 minutes"},"schema":{"@context":"https:\/\/schema.org","@graph":[{"@type":"WebPage","@id":"https:\/\/www.solis-sl.com\/de\/gummiketten\/","url":"https:\/\/www.solis-sl.com\/de\/gummiketten\/","name":"GUMMIKETTEN - Solis Industrias del Caucho","isPartOf":{"@id":"https:\/\/www.solis-sl.com\/de\/#website"},"primaryImageOfPage":{"@id":"https:\/\/www.solis-sl.com\/de\/gummiketten\/#primaryimage"},"image":{"@id":"https:\/\/www.solis-sl.com\/de\/gummiketten\/#primaryimage"},"thumbnailUrl":"https:\/\/www.solis-sl.com\/wp-content\/uploads\/2014\/06\/cadena0.jpg","datePublished":"2014-09-11T16:56:58+00:00","dateModified":"2022-10-18T08:57:24+00:00","breadcrumb":{"@id":"https:\/\/www.solis-sl.com\/de\/gummiketten\/#breadcrumb"},"inLanguage":"de-DE","potentialAction":[{"@type":"ReadAction","target":["https:\/\/www.solis-sl.com\/de\/gummiketten\/"]}]},{"@type":"ImageObject","inLanguage":"de-DE","@id":"https:\/\/www.solis-sl.com\/de\/gummiketten\/#primaryimage","url":"https:\/\/www.solis-sl.com\/wp-content\/uploads\/2014\/06\/cadena0.jpg","contentUrl":"https:\/\/www.solis-sl.com\/wp-content\/uploads\/2014\/06\/cadena0.jpg","width":600,"height":456},{"@type":"BreadcrumbList","@id":"https:\/\/www.solis-sl.com\/de\/gummiketten\/#breadcrumb","itemListElement":[{"@type":"ListItem","position":1,"name":"Portada","item":"https:\/\/www.solis-sl.com\/de\/"},{"@type":"ListItem","position":2,"name":"GUMMIKETTEN"}]},{"@type":"WebSite","@id":"https:\/\/www.solis-sl.com\/de\/#website","url":"https:\/\/www.solis-sl.com\/de\/","name":"Solis Industrias del Caucho","description":"Fabricaci\u00f3n de productos y repuestos de caucho y poliuretano para extendedoras de asfalto","publisher":{"@id":"https:\/\/www.solis-sl.com\/de\/#organization"},"potentialAction":[{"@type":"SearchAction","target":{"@type":"EntryPoint","urlTemplate":"https:\/\/www.solis-sl.com\/de\/?s={search_term_string}"},"query-input":{"@type":"PropertyValueSpecification","valueRequired":true,"valueName":"search_term_string"}}],"inLanguage":"de-DE"},{"@type":"Organization","@id":"https:\/\/www.solis-sl.com\/de\/#organization","name":"Solis Industrias del Caucho","url":"https:\/\/www.solis-sl.com\/de\/","logo":{"@type":"ImageObject","inLanguage":"de-DE","@id":"https:\/\/www.solis-sl.com\/de\/#\/schema\/logo\/image\/","url":"https:\/\/www.solis-sl.com\/wp-content\/uploads\/2014\/05\/logo-solis.png","contentUrl":"https:\/\/www.solis-sl.com\/wp-content\/uploads\/2014\/05\/logo-solis.png","width":188,"height":70,"caption":"Solis Industrias del Caucho"},"image":{"@id":"https:\/\/www.solis-sl.com\/de\/#\/schema\/logo\/image\/"}}]}},"_links":{"self":[{"href":"https:\/\/www.solis-sl.com\/de\/wp-json\/wp\/v2\/pages\/2652","targetHints":{"allow":["GET"]}}],"collection":[{"href":"https:\/\/www.solis-sl.com\/de\/wp-json\/wp\/v2\/pages"}],"about":[{"href":"https:\/\/www.solis-sl.com\/de\/wp-json\/wp\/v2\/types\/page"}],"author":[{"embeddable":true,"href":"https:\/\/www.solis-sl.com\/de\/wp-json\/wp\/v2\/users\/1"}],"replies":[{"embeddable":true,"href":"https:\/\/www.solis-sl.com\/de\/wp-json\/wp\/v2\/comments?post=2652"}],"version-history":[{"count":5,"href":"https:\/\/www.solis-sl.com\/de\/wp-json\/wp\/v2\/pages\/2652\/revisions"}],"predecessor-version":[{"id":2657,"href":"https:\/\/www.solis-sl.com\/de\/wp-json\/wp\/v2\/pages\/2652\/revisions\/2657"}],"wp:featuredmedia":[{"embeddable":true,"href":"https:\/\/www.solis-sl.com\/de\/wp-json\/wp\/v2\/media\/1731"}],"wp:attachment":[{"href":"https:\/\/www.solis-sl.com\/de\/wp-json\/wp\/v2\/media?parent=2652"}],"curies":[{"name":"wp","href":"https:\/\/api.w.org\/{rel}","templated":true}]}}