{"id":2,"date":"2014-05-20T14:48:11","date_gmt":"2014-05-20T14:48:11","guid":{"rendered":"http:\/\/www.solis-sl.com\/industrias-caucho\/?page_id=2"},"modified":"2018-11-29T13:16:26","modified_gmt":"2018-11-29T12:16:26","slug":"la-empresa","status":"publish","type":"page","link":"https:\/\/www.solis-sl.com\/industrias-caucho\/la-empresa\/","title":{"rendered":"La Empresa"},"content":{"rendered":"<p><a href=\"http:\/\/www.solis-sl.com\/industrias-caucho\/wp-content\/uploads\/2014\/05\/logo-solis2.jpg\"><img loading=\"lazy\" class=\"alignnone size-full wp-image-23\" alt=\"logo-solis\" src=\"http:\/\/www.solis-sl.com\/industrias-caucho\/wp-content\/uploads\/2014\/05\/logo-solis2.jpg\" width=\"104\" height=\"19\" \/><\/a>INDUSTRIAS DEL CAUCHO S.L.U. ha evolucionado como empresa especializada en la fabricaci\u00f3n de productos industriales vulcanizados.<\/p>\n<p align=\"justify\">Un equipo de t\u00e9cnicos altamente cualificados, as\u00ed como la utilizaci\u00f3n de materias primas de primer\u00edsima calidad, asegura la calidad y el rendimiento final de nuestros fabricados.<\/p>\n<p align=\"justify\">Disponemos de un ampl\u00edsimo stock con entregas inmediatas para nuestros principales productos, adem\u00e1s de un servicio postventa.<\/p>\n<p align=\"justify\">El servicio telef\u00f3nico de nuestra central, est\u00e1 disponible las 24 horas del d\u00eda.<\/p>\n<p><img loading=\"lazy\" alt=\"\" src=\"http:\/\/www.solis-sl.com\/industrias-caucho\/wp-content\/uploads\/2014\/07\/empresa.jpg\" width=\"400\" height=\"300\" \/><br \/>\nPrensa hidr\u00e1ulica a compresi\u00f3n con plato extra\u00edble<br \/>\n<img loading=\"lazy\" alt=\"\" src=\"http:\/\/www.solis-sl.com\/industrias-caucho\/wp-content\/uploads\/2014\/07\/empresa2.jpg\" width=\"400\" height=\"300\" \/><br \/>\nMecanizaci\u00f3n de plancha alisadora por control num\u00e9rico<\/p>\n<p><img loading=\"lazy\" alt=\"\" src=\"http:\/\/www.solis-sl.com\/industrias-caucho\/wp-content\/uploads\/2014\/07\/empresa3.jpg\" width=\"375\" height=\"500\" \/><br \/>\nM\u00e1quina de medici\u00f3n por coordenadas<br \/>\n<img loading=\"lazy\" alt=\"\" src=\"http:\/\/www.solis-sl.com\/industrias-caucho\/wp-content\/uploads\/2014\/07\/prensaparacaucho.jpg\" width=\"350\" height=\"500\" \/><br \/>\nVulcanizaci\u00f3n a compresi\u00f3n a 400 tms. Los ciclos est\u00e1n totalmente automatizados.<\/p>\n<p><img loading=\"lazy\" class=\"alignleft\" alt=\"\" src=\"http:\/\/www.solis-sl.com\/industrias-caucho\/wp-content\/uploads\/2014\/07\/granalladora.jpg\" width=\"300\" height=\"500\" \/><\/p>\n<p>La utilizaci\u00f3n del chorreo con granalla de acero es uno de los m\u00faltiples factores que intervienen en una perfecta uni\u00f3n del caucho al metal.<\/p>\n","protected":false},"excerpt":{"rendered":"<p>INDUSTRIAS DEL CAUCHO S.L.U. ha evolucionado como empresa especializada en la fabricaci\u00f3n de productos industriales vulcanizados. Un equipo de t\u00e9cnicos altamente cualificados, as\u00ed como la utilizaci\u00f3n de materias primas de primer\u00edsima calidad, asegura la calidad y el rendimiento final de nuestros fabricados. Disponemos de un ampl\u00edsimo stock con entregas inmediatas para nuestros principales productos, adem\u00e1s [&hellip;]<\/p>\n","protected":false},"author":1,"featured_media":0,"parent":0,"menu_order":0,"comment_status":"closed","ping_status":"open","template":"","meta":[],"_links":{"self":[{"href":"https:\/\/www.solis-sl.com\/industrias-caucho\/wp-json\/wp\/v2\/pages\/2"}],"collection":[{"href":"https:\/\/www.solis-sl.com\/industrias-caucho\/wp-json\/wp\/v2\/pages"}],"about":[{"href":"https:\/\/www.solis-sl.com\/industrias-caucho\/wp-json\/wp\/v2\/types\/page"}],"author":[{"embeddable":true,"href":"https:\/\/www.solis-sl.com\/industrias-caucho\/wp-json\/wp\/v2\/users\/1"}],"replies":[{"embeddable":true,"href":"https:\/\/www.solis-sl.com\/industrias-caucho\/wp-json\/wp\/v2\/comments?post=2"}],"version-history":[{"count":30,"href":"https:\/\/www.solis-sl.com\/industrias-caucho\/wp-json\/wp\/v2\/pages\/2\/revisions"}],"predecessor-version":[{"id":11,"href":"https:\/\/www.solis-sl.com\/industrias-caucho\/wp-json\/wp\/v2\/pages\/2\/revisions\/11"}],"wp:attachment":[{"href":"https:\/\/www.solis-sl.com\/industrias-caucho\/wp-json\/wp\/v2\/media?parent=2"}],"curies":[{"name":"wp","href":"https:\/\/api.w.org\/{rel}","templated":true}]}}