{"id":510,"date":"2014-09-11T18:54:52","date_gmt":"2014-09-11T16:54:52","guid":{"rendered":"http:\/\/www.solis-sl.com\/?page_id=510"},"modified":"2014-11-28T15:42:00","modified_gmt":"2014-11-28T14:42:00","slug":"ruedas-macizas","status":"publish","type":"page","link":"https:\/\/www.solis-sl.com\/industrias-caucho\/ruedas-macizas\/","title":{"rendered":"RUEDAS MACIZAS"},"content":{"rendered":"<p><a href=\"http:\/\/www.solis-sl.com\/industrias-caucho\/wp-content\/uploads\/2014\/06\/SDC10204.jpg\"><img loading=\"lazy\" class=\" wp-image-368 alignleft\" alt=\"\" src=\"http:\/\/www.solis-sl.com\/industrias-caucho\/wp-content\/uploads\/2014\/06\/SDC10204.jpg\" width=\"515\" height=\"386\" srcset=\"https:\/\/www.solis-sl.com\/industrias-caucho\/wp-content\/uploads\/2014\/06\/SDC10204.jpg 1300w, https:\/\/www.solis-sl.com\/industrias-caucho\/wp-content\/uploads\/2014\/06\/SDC10204-300x225.jpg 300w, https:\/\/www.solis-sl.com\/industrias-caucho\/wp-content\/uploads\/2014\/06\/SDC10204-1024x768.jpg 1024w, https:\/\/www.solis-sl.com\/industrias-caucho\/wp-content\/uploads\/2014\/06\/SDC10204-135x100.jpg 135w\" sizes=\"(max-width: 515px) 100vw, 515px\" \/><\/a>En nuestra gama de productos, destaca la fabricaci\u00f3n de <b>RUEDAS MACIZAS<\/b>: bandajes con aro de acero y ruedas superel\u00e1sticas, as\u00ed como el reengomado de n\u00facleos de cualquier medida, tanto en caucho como en poliuretano. Para extendedoras de asfalto y fresadoras, disponemos de ruedas completas, en intercambio, esto es, la rueda maciza con su llanta de acero. Lo cual, supone agilidad y ahorro de costes y eliminaci\u00f3n de las dificultades que supone el montaje de los n\u00facleos.<\/p>\n<p>Para sus minicargadoras, ruedas macizas ultrael\u00e1sticas, que sustituyen a sus neum\u00e1ticos de aire. Para todas las marcas, y suministradas con su llanta nueva incluida. Eliminan costes de mantenimiento y en servicio ofrecen mayor elasticidad.<a href=\"http:\/\/www.solis-sl.com\/industrias-caucho\/wp-content\/uploads\/2014\/06\/ruedas-macizas0.jpg\"><img loading=\"lazy\" class=\"alignnone size-full wp-image-261\" alt=\"ruedas-macizas0\" src=\"http:\/\/www.solis-sl.com\/industrias-caucho\/wp-content\/uploads\/2014\/06\/ruedas-macizas0.jpg\" width=\"900\" height=\"425\" srcset=\"https:\/\/www.solis-sl.com\/industrias-caucho\/wp-content\/uploads\/2014\/06\/ruedas-macizas0.jpg 900w, https:\/\/www.solis-sl.com\/industrias-caucho\/wp-content\/uploads\/2014\/06\/ruedas-macizas0-300x141.jpg 300w\" sizes=\"(max-width: 900px) 100vw, 900px\" \/><\/a> <div class=\"column-group columns-2\"> <div class=\"column column-number-1 column-span-1\"><p><a href=\"http:\/\/www.solis-sl.com\/industrias-caucho\/wp-content\/uploads\/2014\/06\/ruedasmacizas.jpg\"><img loading=\"lazy\" class=\"alignnone size-full wp-image-262\" alt=\"ruedasmacizas\" src=\"http:\/\/www.solis-sl.com\/industrias-caucho\/wp-content\/uploads\/2014\/06\/ruedasmacizas.jpg\" width=\"500\" height=\"375\" srcset=\"https:\/\/www.solis-sl.com\/industrias-caucho\/wp-content\/uploads\/2014\/06\/ruedasmacizas.jpg 500w, https:\/\/www.solis-sl.com\/industrias-caucho\/wp-content\/uploads\/2014\/06\/ruedasmacizas-300x225.jpg 300w, https:\/\/www.solis-sl.com\/industrias-caucho\/wp-content\/uploads\/2014\/06\/ruedasmacizas-135x100.jpg 135w\" sizes=\"(max-width: 500px) 100vw, 500px\" \/><\/a> <\/p>\n<\/div> <div class=\"column column-number-2 last column-span-1\"><p><a href=\"http:\/\/www.solis-sl.com\/industrias-caucho\/wp-content\/uploads\/2014\/06\/ruedasmacizas2.jpg\"><img loading=\"lazy\" class=\"alignnone size-full wp-image-263\" alt=\"ruedasmacizas2\" src=\"http:\/\/www.solis-sl.com\/industrias-caucho\/wp-content\/uploads\/2014\/06\/ruedasmacizas2.jpg\" width=\"600\" height=\"450\" srcset=\"https:\/\/www.solis-sl.com\/industrias-caucho\/wp-content\/uploads\/2014\/06\/ruedasmacizas2.jpg 600w, https:\/\/www.solis-sl.com\/industrias-caucho\/wp-content\/uploads\/2014\/06\/ruedasmacizas2-300x225.jpg 300w, https:\/\/www.solis-sl.com\/industrias-caucho\/wp-content\/uploads\/2014\/06\/ruedasmacizas2-135x100.jpg 135w\" sizes=\"(max-width: 600px) 100vw, 600px\" \/><\/a> <\/p>\n<\/div> <\/div><\/p>\n","protected":false},"excerpt":{"rendered":"<p>En nuestra gama de productos, destaca la fabricaci\u00f3n de RUEDAS MACIZAS: bandajes con aro de acero y ruedas superel\u00e1sticas, as\u00ed como el reengomado de n\u00facleos de cualquier medida, tanto en caucho como en poliuretano. Para extendedoras de asfalto y fresadoras, disponemos de ruedas completas, en intercambio, esto es, la rueda maciza con su llanta de [&hellip;]<\/p>\n","protected":false},"author":1,"featured_media":340,"parent":0,"menu_order":0,"comment_status":"closed","ping_status":"closed","template":"","meta":[],"_links":{"self":[{"href":"https:\/\/www.solis-sl.com\/industrias-caucho\/wp-json\/wp\/v2\/pages\/510"}],"collection":[{"href":"https:\/\/www.solis-sl.com\/industrias-caucho\/wp-json\/wp\/v2\/pages"}],"about":[{"href":"https:\/\/www.solis-sl.com\/industrias-caucho\/wp-json\/wp\/v2\/types\/page"}],"author":[{"embeddable":true,"href":"https:\/\/www.solis-sl.com\/industrias-caucho\/wp-json\/wp\/v2\/users\/1"}],"replies":[{"embeddable":true,"href":"https:\/\/www.solis-sl.com\/industrias-caucho\/wp-json\/wp\/v2\/comments?post=510"}],"version-history":[{"count":5,"href":"https:\/\/www.solis-sl.com\/industrias-caucho\/wp-json\/wp\/v2\/pages\/510\/revisions"}],"predecessor-version":[{"id":606,"href":"https:\/\/www.solis-sl.com\/industrias-caucho\/wp-json\/wp\/v2\/pages\/510\/revisions\/606"}],"wp:featuredmedia":[{"embeddable":true,"href":"https:\/\/www.solis-sl.com\/industrias-caucho\/wp-json\/wp\/v2\/media\/340"}],"wp:attachment":[{"href":"https:\/\/www.solis-sl.com\/industrias-caucho\/wp-json\/wp\/v2\/media?parent=510"}],"curies":[{"name":"wp","href":"https:\/\/api.w.org\/{rel}","templated":true}]}}